{"id":2,"date":"2025-06-10T18:27:40","date_gmt":"2025-06-10T18:27:40","guid":{"rendered":"https:\/\/canoua.com.br\/?page_id=2"},"modified":"2026-01-05T13:18:11","modified_gmt":"2026-01-05T16:18:11","slug":"manutencao","status":"publish","type":"page","link":"https:\/\/canoua.com.br\/","title":{"rendered":"Manuten\u00e7\u00e3o"},"content":{"rendered":"\t\t<div data-elementor-type=\"wp-page\" data-elementor-id=\"2\" class=\"elementor elementor-2\" data-elementor-post-type=\"page\">\n\t\t\t\t<div class=\"elementor-element elementor-element-b4a177f e-flex e-con-boxed e-con e-parent\" data-id=\"b4a177f\" data-element_type=\"container\" data-e-type=\"container\" data-settings=\"{&quot;background_background&quot;:&quot;classic&quot;}\">\n\t\t\t\t\t<div class=\"e-con-inner\">\n\t\t\t\t<div class=\"elementor-element elementor-element-db72683 elementor-widget elementor-widget-image\" data-id=\"db72683\" data-element_type=\"widget\" data-e-type=\"widget\" data-widget_type=\"image.default\">\n\t\t\t\t\t\t\t\t\t\t\t\t\t\t\t<img fetchpriority=\"high\" decoding=\"async\" width=\"800\" height=\"800\" src=\"https:\/\/canoua.com.br\/wp-content\/uploads\/2026\/01\/Canoua-Instagram-1024x1024.png\" class=\"attachment-large size-large wp-image-112\" alt=\"\" srcset=\"https:\/\/canoua.com.br\/wp-content\/uploads\/2026\/01\/Canoua-Instagram-1024x1024.png 1024w, https:\/\/canoua.com.br\/wp-content\/uploads\/2026\/01\/Canoua-Instagram-300x300.png 300w, https:\/\/canoua.com.br\/wp-content\/uploads\/2026\/01\/Canoua-Instagram-150x150.png 150w, https:\/\/canoua.com.br\/wp-content\/uploads\/2026\/01\/Canoua-Instagram-768x768.png 768w, https:\/\/canoua.com.br\/wp-content\/uploads\/2026\/01\/Canoua-Instagram.png 1042w\" sizes=\"(max-width: 800px) 100vw, 800px\" \/>\t\t\t\t\t\t\t\t\t\t\t\t\t\t\t<\/div>\n\t\t\t\t<div class=\"elementor-element elementor-element-4f84868 elementor-widget elementor-widget-heading\" data-id=\"4f84868\" data-element_type=\"widget\" data-e-type=\"widget\" data-widget_type=\"heading.default\">\n\t\t\t\t\t<h2 class=\"elementor-heading-title elementor-size-default\">SITE EM MANUTEN\u00c7\u00c3O<\/h2>\t\t\t\t<\/div>\n\t\t\t\t<div class=\"elementor-element elementor-element-175c9d4 elementor-widget__width-initial elementor-widget elementor-widget-text-editor\" data-id=\"175c9d4\" data-element_type=\"widget\" data-e-type=\"widget\" data-widget_type=\"text-editor.default\">\n\t\t\t\t\t\t\t\t\t<p>Estamos realizando manuten\u00e7\u00e3o no site para melhorar sua experi\u00eancia de usabilidade em nossa plataforma. Aguarde&#8230;<\/p>\t\t\t\t\t\t\t\t<\/div>\n\t\t\t\t\t<\/div>\n\t\t\t\t<\/div>\n\t\t\t\t<\/div>\n\t\t","protected":false},"excerpt":{"rendered":"<p>SITE EM MANUTEN\u00c7\u00c3O Estamos realizando manuten\u00e7\u00e3o no site para melhorar sua experi\u00eancia de usabilidade em nossa plataforma. Aguarde&#8230;<\/p>\n","protected":false},"author":1,"featured_media":0,"parent":0,"menu_order":0,"comment_status":"closed","ping_status":"closed","template":"elementor_header_footer","meta":{"footnotes":""},"class_list":["post-2","page","type-page","status-publish","hentry"],"_links":{"self":[{"href":"https:\/\/canoua.com.br\/index.php\/wp-json\/wp\/v2\/pages\/2","targetHints":{"allow":["GET"]}}],"collection":[{"href":"https:\/\/canoua.com.br\/index.php\/wp-json\/wp\/v2\/pages"}],"about":[{"href":"https:\/\/canoua.com.br\/index.php\/wp-json\/wp\/v2\/types\/page"}],"author":[{"embeddable":true,"href":"https:\/\/canoua.com.br\/index.php\/wp-json\/wp\/v2\/users\/1"}],"replies":[{"embeddable":true,"href":"https:\/\/canoua.com.br\/index.php\/wp-json\/wp\/v2\/comments?post=2"}],"version-history":[{"count":11,"href":"https:\/\/canoua.com.br\/index.php\/wp-json\/wp\/v2\/pages\/2\/revisions"}],"predecessor-version":[{"id":118,"href":"https:\/\/canoua.com.br\/index.php\/wp-json\/wp\/v2\/pages\/2\/revisions\/118"}],"wp:attachment":[{"href":"https:\/\/canoua.com.br\/index.php\/wp-json\/wp\/v2\/media?parent=2"}],"curies":[{"name":"wp","href":"https:\/\/api.w.org\/{rel}","templated":true}]}}